{"id":334,"date":"2018-12-20T12:28:14","date_gmt":"2018-12-20T11:28:14","guid":{"rendered":"https:\/\/join-ehrenamt.drk-hessen.de\/?page_id=334"},"modified":"2025-09-13T12:23:45","modified_gmt":"2025-09-13T10:23:45","slug":"impressum","status":"publish","type":"page","link":"https:\/\/join-ehrenamt.drk-hessen.de\/ar\/impressum\/","title":{"rendered":"Impressum"},"content":{"rendered":"<h2>Impressum<\/h2>\n<h4>Anbieterkennung nach \u00a7 5 TMG<\/h4>\n<p>DRK-Landesverband Hessen e.V.<br \/>\nAbraham-Lincoln-Stra\u00dfe 7<br \/>\n65189 Wiesbaden<br \/>\nTelefon (0611) 79 09-0<br \/>\nTelefax (0611) 70 10 99<\/p>\n<p>E-Mail: info(at)drk-hessen.de<\/p>\n<h4>Vertretungsberechtigte<\/h4>\n<p>Der DRK-Landesverband Hessen e.V. wird gesetzlich vertreten durch:<br \/>\nden Pr\u00e4sident, Herrn Norbert S\u00f6dler<br \/>\ndie Vizepr\u00e4sidentin, Frau Brigitte Wettengel<br \/>\nden Vizepr\u00e4sidenten, Herrn J\u00fcrgen Christmann<br \/>\nden Landesjustitiar, Herrn Dr. Klaus Heuvels<br \/>\nden Landesschatzmeister, Herrn Dr. Holger Grothe<br \/>\nund den Landesgesch\u00e4ftsf\u00fchrer, Herrn Nils M\u00f6ller<\/p>\n<p>Rechtsverbindliche Erkl\u00e4rungen werden gemeinsam von zwei Mitgliedern<br \/>\ndes Vorstandes abgegeben. Der Landesgesch\u00e4ftsf\u00fchrer ist Herr Nils M\u00f6ller.<\/p>\n<h4>Vereinsregister<\/h4>\n<p>Der DRK-Landesverband Hessen e.V.\u00a0ist im Vereinsregister beim Amtsgericht Wiesbaden unter der Registernummer VR 2323 eingetragen.<\/p>\n<h4>Steuerliche Angaben<\/h4>\n<p>Steuernummer: Finanzamt Wiesbaden I\u00a0 &#8211;\u00a0 40 250 5670 3<\/p>\n<p>UmsatzsteuerID: DE113891141<\/p>\n<h4>Internet-Redaktion<\/h4>\n<p>Bettina Kratzer<\/p>\n<p>Omar Al-Turaihi<\/p>\n<p>Haben Sie Fragen? Dann wenden Sie sich bitte an unseren Webmaster.<\/p>\n<h3>Haftungsausschluss<\/h3>\n<ol>\n<li>\n<h4>Inhalt der Seiten<\/h4>\n<\/li>\n<\/ol>\n<p>Der\u00a0DRK-Landesverband Hessen e.V.\u00a0\u00fcbernimmt keinerlei Gew\u00e4hr f\u00fcr die Aktualit\u00e4t, Korrektheit, Vollst\u00e4ndigkeit oder Qualit\u00e4t der bereitgestellten Inhalte. Haftungsanspr\u00fcche gegen den\u00a0DRK-Landesverband Hessen e.V., welche sich auf Sch\u00e4den materieller oder ideeller Art beziehen, die durch die Nutzung oder Nichtnutzung der dargebotenen Informationen bzw. durch die Nutzung fehlerhafter und unvollst\u00e4ndiger Informationen verursacht wurden, sind grunds\u00e4tzlich ausgeschlossen, sofern seitens des\u00a0DRK-Landesverband Hessen e.V.\u00a0kein nachweislich vors\u00e4tzliches oder grob fahrl\u00e4ssiges Verschulden vorliegt.<\/p>\n<ol start=\"2\">\n<li>\n<h4>Verweise und Links<\/h4>\n<\/li>\n<\/ol>\n<p>Die Verantwortlichkeit des Diensteanbieters beschr\u00e4nkt sich gem\u00e4\u00df \u00a7 7 Abs. 1 TMG ausschlie\u00dflich auf die vom Diensteanbieter bereitgehaltenen eigenen Inhalte. Dar\u00fcber hinaus enth\u00e4lt die Website auch entsprechend gekennzeichnete Verweise oder Links auf Websites Dritter. Auf die aktuelle und zuk\u00fcnftige Gestaltung, die Inhalte oder die Urheberschaft der verlinkten\/verkn\u00fcpften Seiten hat der\u00a0DRK-Landesverband Hessen e.V.\u00a0keinerlei Einfluss. F\u00fcr den Inhalt der Seite ist allein der jeweilige Anbieter der Seite verantwortlich, weshalb der\u00a0DRK-Landesverband Hessen e.V.\u00a0diesbez\u00fcglich keine Gew\u00e4hr \u00fcbernimmt.<\/p>\n<p>Der\u00a0DRK-Landesverband Hessen e.V.\u00a0erkl\u00e4rt hiermit ausdr\u00fccklich, dass zum Zeitpunkt der Linksetzung keine illegalen Inhalte auf den zu verlinkenden Seiten erkennbar waren. Eine permanente inhaltliche Kontrolle der verlinkten Seiten ohne konkrete Anhaltspunkte einer Rechtsverletzung ist jedoch nicht zumutbar. Bei Bekanntwerden von Rechtsverletzungen werden derartige Links umgehend entfernt.<\/p>\n<ol start=\"3\">\n<li>\n<h4>Urheber- und Kennzeichenrecht<\/h4>\n<\/li>\n<\/ol>\n<p>Der\u00a0DRK-Landesverband Hessen e.V.\u00a0ist bestrebt, in allen Publikationen die Urheberrechte der verwendeten Bilder, Grafiken, Tondokumente, Videosequenzen und Texte zu beachten, von ihm selbst erstellte Bilder, Grafiken, Tondokumente, Videosequenzen und Texte zu nutzen oder auf lizenzfreie Grafiken, Tondokumente, Videosequenzen und Texte zur\u00fcckzugreifen.<\/p>\n<p>Alle innerhalb des Internetangebotes genannten und ggf. durch Dritte gesch\u00fctzten Marken- und Warenzeichen unterliegen uneingeschr\u00e4nkt den Bestimmungen des jeweils g\u00fcltigen Kennzeichenrechts und den Besitzrechten der jeweiligen eingetragenen Eigent\u00fcmer. Allein aufgrund der blo\u00dfen Nennung ist nicht der Schluss zu ziehen, dass Markenzeichen nicht durch Rechte Dritter gesch\u00fctzt sind!<\/p>\n<p>Das Copyright f\u00fcr ver\u00f6ffentlichte, vom\u00a0DRK-Landesverband Hessen e.V.\u00a0selbst erstellte Objekte bleibt allein beim Autor der Seiten. Eine Vervielf\u00e4ltigung, Bearbeitung, Verbreitung und jede Art der Verwertung au\u00dferhalb der Grenzen des Urheberrechts solcher Grafiken, Tondokumente, Videosequenzen und Texte in anderen elektronischen oder gedruckten Publikationen bed\u00fcrfen der schriftlichen Zustimmung des Autors. Downloads und Kopien sind nur f\u00fcr den privaten, nicht aber den kommerziellen Gebrauch gestattet.<\/p>\n<ol start=\"4\">\n<li>\n<h4>Datenschutz<\/h4>\n<\/li>\n<\/ol>\n<p>Detaillierte Informationen zum Datenschutz entnehmen Sie bitte unserer <a href=\"https:\/\/www.drk-hessen.de\/service\/impressum\/datenschutzerklaerung.html\">Datenschutzerkl\u00e4rung<\/a>.<\/p>\n<p>ReadSpeaker ist ein Vorleseservice f\u00fcr Internetinhalte. Um Benutzereinstellungen und statistische Daten zur Verwendung der Vorlesefunktion zu verwalten, werden zwei Cookies genutzt, die eine maximale Lebensdauer von 30 Tagen haben.<\/p>\n<p>ReadSpeaker erhebt und speichert jedoch keine Daten, die zur Identifikation einer Person genutzt werden k\u00f6nnen.\u00a0Alle Services werden in Europa realisiert (Schweden).<\/p>\n<p>Die Nutzung der im Rahmen des Impressums oder vergleichbarer Angaben ver\u00f6ffentlichten Kontaktdaten wie Postanschriften, Telefon- und Faxnummern sowie Emailadressen durch Dritte zur \u00dcbersendung von nicht ausdr\u00fccklich angeforderten Informationen ist nicht gestattet. Rechtliche Schritte gegen die Versender von sogenannten Spam-Mails bei Verst\u00f6\u00dfen gegen dieses Verbot sind ausdr\u00fccklich vorbehalten.<\/p>\n<ol start=\"5\">\n<li>\n<h4>Rechtswirksamkeit dieses Haftungsausschlusses<\/h4>\n<\/li>\n<\/ol>\n<p>Dieser Haftungsausschluss ist als Teil des Informationsangebotes zu betrachten, von dem aus auf diese Seite verwiesen wurde. Sofern Teile oder einzelne Formulierungen dieses Textes der geltenden Rechtslage nicht, nicht mehr oder nicht vollst\u00e4ndig entsprechen sollten, bleiben die \u00fcbrigen Teile des Dokumentes in ihrem Inhalt und ihrer G\u00fcltigkeit davon unber\u00fchrt.<\/p>\n<p>&nbsp;<\/p>\n<h3>Hinweis auf Verbraucherstreitbeilegung gem\u00e4\u00df VSBG<\/h3>\n<p>Der\u00a0DRK-Landesverband Hessen e.V.\u00a0nimmt nicht an Streitbeilegungsverfahren vor einer Streitbeilegungsstelle teil.<\/p>\n<h3>Alle Inhalte und Fotos sind urheberrechtlich gesch\u00fctzt.<\/h3>\n<h4>Gestaltung und Technische Umsetzung der Homepage:<\/h4>\n<p><a href=\"http:\/\/iconeo.de\/\" target=\"_blank\" rel=\"noopener\">ICONEO<\/a>, Friedrich-Naumann-Stra\u00dfe 18b, 65197 Wiesbaden<br \/>\nKontakt: steffen@iconeo.de<\/p>\n<p><a href=\"https:\/\/creators-collective.com\/\" target=\"_blank\" rel=\"noopener\">CREATORS COLLECTIVE<\/a>, Bismarckring 3, 65183 Wiesbaden<br \/>\nKontakt: michael@creators-collective.com<\/p>\n<h4>Gestaltung und Umsetzung der Videoclips:<\/h4>\n<p><a href=\"https:\/\/www.indievisuals.de\" target=\"_blank\" rel=\"noopener\">IndieVisuals<\/a>, Poststra\u00dfe 37, 55126 Mainz<br \/>\nKontakt: hc@indievisuals.de<\/p>\n<h4>Trickfilmanimation:<\/h4>\n<p><a href=\"http:\/\/traiser-wenzel.de\/\" target=\"_blank\" rel=\"noopener\">Uwe Wenzel + Christine Traiser<\/a>, B\u00fcro f\u00fcr Gestaltung, Darmstadt<\/p>\n<h4>Bildnachweise:<\/h4>\n<p>Bild H\u00e4nde: <a href=\"https:\/\/stock.adobe.com\/de\/contributor\/206013113\/howtogoto?asset_id=313531960\" target=\"_blank\" rel=\"noopener\">\u00a9howtogoto\/stock.adobe.com<\/a><br \/>\nBild Corona-Pandemie: <a href=\"https:\/\/www.drk-nordrhein.de\/\" target=\"_blank\" rel=\"noopener\">Andreas Brockmann \/ DRK LV Nordrhein<\/a><br \/>\nSofern nicht anders angegeben: <a href=\"https:\/\/www.drk-hessen.de\/\" target=\"_blank\" rel=\"noopener\">DRK-Landesverband Hessen e.V.<\/a><\/p>\n","protected":false},"excerpt":{"rendered":"<p>Impressum Anbieterkennung nach \u00a7 5 TMG DRK-Landesverband Hessen e.V. Abraham-Lincoln-Stra\u00dfe 7 65189 Wiesbaden Telefon (0611) 79 09-0 Telefax (0611) 70 10 99 E-Mail: info(at)drk-hessen.de Vertretungsberechtigte Der DRK-Landesverband Hessen e.V. wird&#8230;<\/p>\n","protected":false},"author":1,"featured_media":0,"parent":0,"menu_order":0,"comment_status":"closed","ping_status":"closed","template":"","meta":{"inline_featured_image":false,"footnotes":""},"class_list":["post-334","page","type-page","status-publish"],"yoast_head":"<!-- This site is optimized with the Yoast SEO plugin v27.3 - https:\/\/yoast.com\/product\/yoast-seo-wordpress\/ -->\n<title>Impressum - Join Ehrenamt - Deutsches Rotes Kreuz - DRK-Landesverband Hessen e. V.<\/title>\n<meta name=\"robots\" content=\"index, follow, max-snippet:-1, max-image-preview:large, max-video-preview:-1\" \/>\n<link rel=\"canonical\" href=\"https:\/\/join-ehrenamt.drk-hessen.de\/impressum\/\" \/>\n<meta property=\"og:locale\" content=\"ar_AR\" \/>\n<meta property=\"og:type\" content=\"article\" \/>\n<meta property=\"og:title\" content=\"Impressum - Join Ehrenamt - Deutsches Rotes Kreuz - DRK-Landesverband Hessen e. V.\" \/>\n<meta property=\"og:description\" content=\"Impressum Anbieterkennung nach \u00a7 5 TMG DRK-Landesverband Hessen e.V. Abraham-Lincoln-Stra\u00dfe 7 65189 Wiesbaden Telefon (0611) 79 09-0 Telefax (0611) 70 10 99 E-Mail: info(at)drk-hessen.de Vertretungsberechtigte Der DRK-Landesverband Hessen e.V. wird...\" \/>\n<meta property=\"og:url\" content=\"https:\/\/join-ehrenamt.drk-hessen.de\/impressum\/\" \/>\n<meta property=\"og:site_name\" content=\"Join Ehrenamt - Deutsches Rotes Kreuz - DRK-Landesverband Hessen e. V.\" \/>\n<meta property=\"article:publisher\" content=\"https:\/\/www.facebook.com\/JoinEhrenamt\/\" \/>\n<meta property=\"article:modified_time\" content=\"2025-09-13T10:23:45+00:00\" \/>\n<meta name=\"twitter:card\" content=\"summary_large_image\" \/>\n<meta name=\"twitter:label1\" content=\"\u0648\u0642\u062a \u0627\u0644\u0642\u0631\u0627\u0621\u0629 \u0627\u0644\u0645\u064f\u0642\u062f\u0651\u0631\" \/>\n\t<meta name=\"twitter:data1\" content=\"4 \u062f\u0642\u0627\u0626\u0642\" \/>\n<script type=\"application\/ld+json\" class=\"yoast-schema-graph\">{\"@context\":\"https:\\\/\\\/schema.org\",\"@graph\":[{\"@type\":\"WebPage\",\"@id\":\"https:\\\/\\\/join-ehrenamt.drk-hessen.de\\\/impressum\\\/\",\"url\":\"https:\\\/\\\/join-ehrenamt.drk-hessen.de\\\/impressum\\\/\",\"name\":\"Impressum - Join Ehrenamt - Deutsches Rotes Kreuz - DRK-Landesverband Hessen e. V.\",\"isPartOf\":{\"@id\":\"https:\\\/\\\/join-ehrenamt.drk-hessen.de\\\/#website\"},\"datePublished\":\"2018-12-20T11:28:14+00:00\",\"dateModified\":\"2025-09-13T10:23:45+00:00\",\"breadcrumb\":{\"@id\":\"https:\\\/\\\/join-ehrenamt.drk-hessen.de\\\/impressum\\\/#breadcrumb\"},\"inLanguage\":\"ar\",\"potentialAction\":[{\"@type\":\"ReadAction\",\"target\":[\"https:\\\/\\\/join-ehrenamt.drk-hessen.de\\\/impressum\\\/\"]}]},{\"@type\":\"BreadcrumbList\",\"@id\":\"https:\\\/\\\/join-ehrenamt.drk-hessen.de\\\/impressum\\\/#breadcrumb\",\"itemListElement\":[{\"@type\":\"ListItem\",\"position\":1,\"name\":\"Startseite\",\"item\":\"https:\\\/\\\/join-ehrenamt.drk-hessen.de\\\/ar\\\/\"},{\"@type\":\"ListItem\",\"position\":2,\"name\":\"Impressum\"}]},{\"@type\":\"WebSite\",\"@id\":\"https:\\\/\\\/join-ehrenamt.drk-hessen.de\\\/#website\",\"url\":\"https:\\\/\\\/join-ehrenamt.drk-hessen.de\\\/\",\"name\":\"Join Ehrenamt - Deutsches Rotes Kreuz - DRK-Landesverband Hessen e. V.\",\"description\":\"\",\"potentialAction\":[{\"@type\":\"SearchAction\",\"target\":{\"@type\":\"EntryPoint\",\"urlTemplate\":\"https:\\\/\\\/join-ehrenamt.drk-hessen.de\\\/?s={search_term_string}\"},\"query-input\":{\"@type\":\"PropertyValueSpecification\",\"valueRequired\":true,\"valueName\":\"search_term_string\"}}],\"inLanguage\":\"ar\"}]}<\/script>\n<!-- \/ Yoast SEO plugin. -->","yoast_head_json":{"title":"Impressum - Join Ehrenamt - Deutsches Rotes Kreuz - DRK-Landesverband Hessen e. V.","robots":{"index":"index","follow":"follow","max-snippet":"max-snippet:-1","max-image-preview":"max-image-preview:large","max-video-preview":"max-video-preview:-1"},"canonical":"https:\/\/join-ehrenamt.drk-hessen.de\/impressum\/","og_locale":"ar_AR","og_type":"article","og_title":"Impressum - Join Ehrenamt - Deutsches Rotes Kreuz - DRK-Landesverband Hessen e. V.","og_description":"Impressum Anbieterkennung nach \u00a7 5 TMG DRK-Landesverband Hessen e.V. Abraham-Lincoln-Stra\u00dfe 7 65189 Wiesbaden Telefon (0611) 79 09-0 Telefax (0611) 70 10 99 E-Mail: info(at)drk-hessen.de Vertretungsberechtigte Der DRK-Landesverband Hessen e.V. wird...","og_url":"https:\/\/join-ehrenamt.drk-hessen.de\/impressum\/","og_site_name":"Join Ehrenamt - Deutsches Rotes Kreuz - DRK-Landesverband Hessen e. V.","article_publisher":"https:\/\/www.facebook.com\/JoinEhrenamt\/","article_modified_time":"2025-09-13T10:23:45+00:00","twitter_card":"summary_large_image","twitter_misc":{"\u0648\u0642\u062a \u0627\u0644\u0642\u0631\u0627\u0621\u0629 \u0627\u0644\u0645\u064f\u0642\u062f\u0651\u0631":"4 \u062f\u0642\u0627\u0626\u0642"},"schema":{"@context":"https:\/\/schema.org","@graph":[{"@type":"WebPage","@id":"https:\/\/join-ehrenamt.drk-hessen.de\/impressum\/","url":"https:\/\/join-ehrenamt.drk-hessen.de\/impressum\/","name":"Impressum - Join Ehrenamt - Deutsches Rotes Kreuz - DRK-Landesverband Hessen e. V.","isPartOf":{"@id":"https:\/\/join-ehrenamt.drk-hessen.de\/#website"},"datePublished":"2018-12-20T11:28:14+00:00","dateModified":"2025-09-13T10:23:45+00:00","breadcrumb":{"@id":"https:\/\/join-ehrenamt.drk-hessen.de\/impressum\/#breadcrumb"},"inLanguage":"ar","potentialAction":[{"@type":"ReadAction","target":["https:\/\/join-ehrenamt.drk-hessen.de\/impressum\/"]}]},{"@type":"BreadcrumbList","@id":"https:\/\/join-ehrenamt.drk-hessen.de\/impressum\/#breadcrumb","itemListElement":[{"@type":"ListItem","position":1,"name":"Startseite","item":"https:\/\/join-ehrenamt.drk-hessen.de\/ar\/"},{"@type":"ListItem","position":2,"name":"Impressum"}]},{"@type":"WebSite","@id":"https:\/\/join-ehrenamt.drk-hessen.de\/#website","url":"https:\/\/join-ehrenamt.drk-hessen.de\/","name":"Join Ehrenamt - Deutsches Rotes Kreuz - DRK-Landesverband Hessen e. V.","description":"","potentialAction":[{"@type":"SearchAction","target":{"@type":"EntryPoint","urlTemplate":"https:\/\/join-ehrenamt.drk-hessen.de\/?s={search_term_string}"},"query-input":{"@type":"PropertyValueSpecification","valueRequired":true,"valueName":"search_term_string"}}],"inLanguage":"ar"}]}},"_links":{"self":[{"href":"https:\/\/join-ehrenamt.drk-hessen.de\/ar\/wp-json\/wp\/v2\/pages\/334","targetHints":{"allow":["GET"]}}],"collection":[{"href":"https:\/\/join-ehrenamt.drk-hessen.de\/ar\/wp-json\/wp\/v2\/pages"}],"about":[{"href":"https:\/\/join-ehrenamt.drk-hessen.de\/ar\/wp-json\/wp\/v2\/types\/page"}],"author":[{"embeddable":true,"href":"https:\/\/join-ehrenamt.drk-hessen.de\/ar\/wp-json\/wp\/v2\/users\/1"}],"replies":[{"embeddable":true,"href":"https:\/\/join-ehrenamt.drk-hessen.de\/ar\/wp-json\/wp\/v2\/comments?post=334"}],"version-history":[{"count":13,"href":"https:\/\/join-ehrenamt.drk-hessen.de\/ar\/wp-json\/wp\/v2\/pages\/334\/revisions"}],"predecessor-version":[{"id":2148,"href":"https:\/\/join-ehrenamt.drk-hessen.de\/ar\/wp-json\/wp\/v2\/pages\/334\/revisions\/2148"}],"wp:attachment":[{"href":"https:\/\/join-ehrenamt.drk-hessen.de\/ar\/wp-json\/wp\/v2\/media?parent=334"}],"curies":[{"name":"wp","href":"https:\/\/api.w.org\/{rel}","templated":true}]}}